{"id":65,"date":"2026-04-01T10:58:50","date_gmt":"2026-04-01T09:58:50","guid":{"rendered":"https:\/\/modave.presslayouts.com\/dummy\/?page_id=65"},"modified":"2026-04-19T22:05:52","modified_gmt":"2026-04-19T21:05:52","slug":"a-propos-de-nebka","status":"publish","type":"page","link":"https:\/\/nebka.ma\/en\/a-propos-de-nebka\/","title":{"rendered":"A propos de NEBKA"},"content":{"rendered":"<div data-elementor-type=\"wp-page\" data-elementor-id=\"65\" class=\"elementor elementor-65\">\n\t\t\t\t\t\t<section class=\"elementor-section elementor-top-section elementor-element elementor-element-3fe39a8 elementor-section-boxed elementor-section-height-default elementor-section-height-default\" data-id=\"3fe39a8\" data-element_type=\"section\" data-e-type=\"section\">\n\t\t\t\t\t\t<div class=\"elementor-container elementor-column-gap-default\">\n\t\t\t\t\t<div class=\"elementor-column elementor-col-100 elementor-top-column elementor-element elementor-element-a30fa51\" data-id=\"a30fa51\" data-element_type=\"column\" data-e-type=\"column\">\n\t\t\t<div class=\"elementor-widget-wrap elementor-element-populated\">\n\t\t\t\t\t\t<div class=\"elementor-element elementor-element-76744d0 elementor-widget elementor-widget-pls-infobox\" data-id=\"76744d0\" data-element_type=\"widget\" data-e-type=\"widget\" data-widget_type=\"pls-infobox.default\">\n\t\t\t\t<div class=\"elementor-widget-container\">\n\t\t\t\t\t<div id=\"pls-info-box-22308\" class=\"pls-element pls-info-box icon-effect-none icon-simple icon-top color-scheme-inherit hover-color-scheme-inherit text-center\">\n\t<div class=\"info-box-wrap\"  >\n\t\t<div class=\"box-icon-wrap\">\n\t\t\t\t\t<\/div>\n\t\t<div class=\"info-box-content\">\n\t\t\t\t\t\t\t\t\t\t<div class=\"info-box-title mb\" >\t\t\t\t\n\t\t\t\t\t<h4>Mission<\/h4>\t\t\t\t\t\n\t\t\t\t<\/div>\n\t\t\t\t\t\t\t\t\t\t<div class=\"info-box-description mb\">\n\t\t\t\t\t<p>\u00ab\u00a0Nous  transformons votre quotidien en cr\u00e9ant un uniforme \u00e9l\u00e9gant, confortable et qualitatif\u00a0\u00bb\n<br>Depuis nos d\u00e9buts en 2015, nous avons une seule certitude celle que\u00a0la qualit\u00e9, le confort et le style sont obligatoires pour proposer un uniforme qui puisse vous accompagner de la meilleure fa\u00e7on qui soit.\u00a0\u00bb<\/p>\n\t\t\t\t<\/div>\n\t\t\t\t\t<\/div>\n\t<\/div>\n<\/div>\t\t\t\t<\/div>\n\t\t\t\t<\/div>\n\t\t\t\t\t<\/div>\n\t\t<\/div>\n\t\t\t\t\t<\/div>\n\t\t<\/section>\n\t\t\t\t<section class=\"elementor-section elementor-top-section elementor-element elementor-element-8c74908 elementor-section-boxed elementor-section-height-default elementor-section-height-default\" data-id=\"8c74908\" data-element_type=\"section\" data-e-type=\"section\">\n\t\t\t\t\t\t<div class=\"elementor-container elementor-column-gap-default\">\n\t\t\t\t\t<div class=\"elementor-column elementor-col-50 elementor-top-column elementor-element elementor-element-52d76f8\" data-id=\"52d76f8\" data-element_type=\"column\" data-e-type=\"column\">\n\t\t\t<div class=\"elementor-widget-wrap elementor-element-populated\">\n\t\t\t\t\t\t<div class=\"elementor-element elementor-element-f566ced elementor-widget elementor-widget-pls-infobox\" data-id=\"f566ced\" data-element_type=\"widget\" data-e-type=\"widget\" data-widget_type=\"pls-infobox.default\">\n\t\t\t\t<div class=\"elementor-widget-container\">\n\t\t\t\t\t<div id=\"pls-info-box-71599\" class=\"pls-element pls-info-box icon-effect-none icon-simple icon-top color-scheme-inherit hover-color-scheme-inherit text-center\">\n\t<div class=\"info-box-wrap\"  >\n\t\t<div class=\"box-icon-wrap\">\n\t\t\t\t\t<\/div>\n\t\t<div class=\"info-box-content\">\n\t\t\t\t\t\t\t\t\t\t<div class=\"info-box-title mb\" >\t\t\t\t\n\t\t\t\t\t<h4>Fashion Workwear <\/h4>\t\t\t\t\t\n\t\t\t\t<\/div>\n\t\t\t\t\t\t\t\t\t\t<div class=\"info-box-description mb\">\n\t\t\t\t\t<p>Nous proposons deux collections Automne\/Hiver et printemps\/ete inspir\u00e9s des tendances actuelles. \nNotre \u00e9quipe de styliste cr\u00e9e des tenues chaque saison pour allier le style au confort et vous permettre de sauver des vies avec style !\n<\/p>\n\t\t\t\t<\/div>\n\t\t\t\t\t<\/div>\n\t<\/div>\n<\/div>\t\t\t\t<\/div>\n\t\t\t\t<\/div>\n\t\t\t\t\t<\/div>\n\t\t<\/div>\n\t\t\t\t<div class=\"elementor-column elementor-col-50 elementor-top-column elementor-element elementor-element-4eb89a3\" data-id=\"4eb89a3\" data-element_type=\"column\" data-e-type=\"column\">\n\t\t\t<div class=\"elementor-widget-wrap elementor-element-populated\">\n\t\t\t\t\t\t<div class=\"elementor-element elementor-element-88a063e elementor-widget elementor-widget-image\" data-id=\"88a063e\" data-element_type=\"widget\" data-e-type=\"widget\" data-widget_type=\"image.default\">\n\t\t\t\t<div class=\"elementor-widget-container\">\n\t\t\t\t\t\t\t\t\t\t\t\t\t\t\t<img fetchpriority=\"high\" decoding=\"async\" width=\"808\" height=\"640\" src=\"https:\/\/nebka.ma\/wp-content\/uploads\/2026\/04\/Our_Story_Left_PageBanner__More_Than_a_Uniform_.jpg-1-808x640.webp\" class=\"attachment-large size-large wp-image-45577\" alt=\"\" srcset=\"https:\/\/nebka.ma\/wp-content\/uploads\/2026\/04\/Our_Story_Left_PageBanner__More_Than_a_Uniform_.jpg-1-808x640.webp 808w, https:\/\/nebka.ma\/wp-content\/uploads\/2026\/04\/Our_Story_Left_PageBanner__More_Than_a_Uniform_.jpg-1-404x320.webp 404w, https:\/\/nebka.ma\/wp-content\/uploads\/2026\/04\/Our_Story_Left_PageBanner__More_Than_a_Uniform_.jpg-1-768x608.webp 768w, https:\/\/nebka.ma\/wp-content\/uploads\/2026\/04\/Our_Story_Left_PageBanner__More_Than_a_Uniform_.jpg-1-420x333.webp 420w, https:\/\/nebka.ma\/wp-content\/uploads\/2026\/04\/Our_Story_Left_PageBanner__More_Than_a_Uniform_.jpg-1-720x570.webp 720w, https:\/\/nebka.ma\/wp-content\/uploads\/2026\/04\/Our_Story_Left_PageBanner__More_Than_a_Uniform_.jpg-1-90x71.webp 90w, https:\/\/nebka.ma\/wp-content\/uploads\/2026\/04\/Our_Story_Left_PageBanner__More_Than_a_Uniform_.jpg-1.webp 1200w\" sizes=\"(max-width: 808px) 100vw, 808px\" \/>\t\t\t\t\t\t\t\t\t\t\t\t\t\t\t<\/div>\n\t\t\t\t<\/div>\n\t\t\t\t\t<\/div>\n\t\t<\/div>\n\t\t\t\t\t<\/div>\n\t\t<\/section>\n\t\t\t\t<section class=\"elementor-section elementor-top-section elementor-element elementor-element-f62da1c elementor-section-boxed elementor-section-height-default elementor-section-height-default\" data-id=\"f62da1c\" data-element_type=\"section\" data-e-type=\"section\">\n\t\t\t\t\t\t<div class=\"elementor-container elementor-column-gap-default\">\n\t\t\t\t\t<div class=\"elementor-column elementor-col-50 elementor-top-column elementor-element elementor-element-bb307ef\" data-id=\"bb307ef\" data-element_type=\"column\" data-e-type=\"column\">\n\t\t\t<div class=\"elementor-widget-wrap elementor-element-populated\">\n\t\t\t\t\t\t<div class=\"elementor-element elementor-element-3847a3d elementor-widget elementor-widget-pls-infobox\" data-id=\"3847a3d\" data-element_type=\"widget\" data-e-type=\"widget\" data-widget_type=\"pls-infobox.default\">\n\t\t\t\t<div class=\"elementor-widget-container\">\n\t\t\t\t\t<div id=\"pls-info-box-86300\" class=\"pls-element pls-info-box icon-effect-none icon-simple icon-top color-scheme-inherit hover-color-scheme-inherit text-center\">\n\t<div class=\"info-box-wrap\"  >\n\t\t<div class=\"box-icon-wrap\">\n\t\t\t\t\t<\/div>\n\t\t<div class=\"info-box-content\">\n\t\t\t\t\t\t\t\t\t\t<div class=\"info-box-title mb\" >\t\t\t\t\n\t\t\t\t\t<h4>TISSU &amp; TECHNOLOGIE<\/h4>\t\t\t\t\t\n\t\t\t\t<\/div>\n\t\t\t\t\t\t\t\t\t\t<div class=\"info-box-description mb\">\n\t\t\t\t\t<p>Nous utilisons des tissus con\u00e7us exclusivement pour l\u2019usage m\u00e9dical et r\u00e9pondent aux normes internationales en vigueur dans le secteur.\nR\u00e9sistant au lavage industriel, durable dans le temps, qualitatif et confortable, nos tissus sont certifi\u00e9s par des organismes reconnus pour offrir tout le confort et la qualit\u00e9 que vous m\u00e9ritez.<\/p>\n\t\t\t\t<\/div>\n\t\t\t\t\t<\/div>\n\t<\/div>\n<\/div>\t\t\t\t<\/div>\n\t\t\t\t<\/div>\n\t\t\t\t\t<\/div>\n\t\t<\/div>\n\t\t\t\t<div class=\"elementor-column elementor-col-50 elementor-top-column elementor-element elementor-element-4e6694e\" data-id=\"4e6694e\" data-element_type=\"column\" data-e-type=\"column\">\n\t\t\t<div class=\"elementor-widget-wrap elementor-element-populated\">\n\t\t\t\t\t\t<div class=\"elementor-element elementor-element-79995a1 elementor-widget elementor-widget-image\" data-id=\"79995a1\" data-element_type=\"widget\" data-e-type=\"widget\" data-widget_type=\"image.default\">\n\t\t\t\t<div class=\"elementor-widget-container\">\n\t\t\t\t\t\t\t\t\t\t\t\t\t\t\t<img decoding=\"async\" width=\"808\" height=\"640\" src=\"https:\/\/nebka.ma\/wp-content\/uploads\/2026\/04\/Our_Story_Right_PageBanner__More_Than_a_Uniform_.jpg-808x640.webp\" class=\"attachment-large size-large wp-image-45579\" alt=\"\" srcset=\"https:\/\/nebka.ma\/wp-content\/uploads\/2026\/04\/Our_Story_Right_PageBanner__More_Than_a_Uniform_.jpg-808x640.webp 808w, https:\/\/nebka.ma\/wp-content\/uploads\/2026\/04\/Our_Story_Right_PageBanner__More_Than_a_Uniform_.jpg-404x320.webp 404w, https:\/\/nebka.ma\/wp-content\/uploads\/2026\/04\/Our_Story_Right_PageBanner__More_Than_a_Uniform_.jpg-768x608.webp 768w, https:\/\/nebka.ma\/wp-content\/uploads\/2026\/04\/Our_Story_Right_PageBanner__More_Than_a_Uniform_.jpg-420x333.webp 420w, https:\/\/nebka.ma\/wp-content\/uploads\/2026\/04\/Our_Story_Right_PageBanner__More_Than_a_Uniform_.jpg-720x570.webp 720w, https:\/\/nebka.ma\/wp-content\/uploads\/2026\/04\/Our_Story_Right_PageBanner__More_Than_a_Uniform_.jpg-90x71.webp 90w, https:\/\/nebka.ma\/wp-content\/uploads\/2026\/04\/Our_Story_Right_PageBanner__More_Than_a_Uniform_.jpg.webp 1200w\" sizes=\"(max-width: 808px) 100vw, 808px\" \/>\t\t\t\t\t\t\t\t\t\t\t\t\t\t\t<\/div>\n\t\t\t\t<\/div>\n\t\t\t\t\t<\/div>\n\t\t<\/div>\n\t\t\t\t\t<\/div>\n\t\t<\/section>\n\t\t\t\t<section class=\"elementor-section elementor-top-section elementor-element elementor-element-a35b9ea elementor-section-boxed elementor-section-height-default elementor-section-height-default\" data-id=\"a35b9ea\" data-element_type=\"section\" data-e-type=\"section\">\n\t\t\t\t\t\t<div class=\"elementor-container elementor-column-gap-default\">\n\t\t\t\t\t<div class=\"elementor-column elementor-col-50 elementor-top-column elementor-element elementor-element-50dced2\" data-id=\"50dced2\" data-element_type=\"column\" data-e-type=\"column\">\n\t\t\t<div class=\"elementor-widget-wrap elementor-element-populated\">\n\t\t\t\t\t\t<div class=\"elementor-element elementor-element-607b57a elementor-widget elementor-widget-image\" data-id=\"607b57a\" data-element_type=\"widget\" data-e-type=\"widget\" data-widget_type=\"image.default\">\n\t\t\t\t<div class=\"elementor-widget-container\">\n\t\t\t\t\t\t\t\t\t\t\t\t\t\t\t<img decoding=\"async\" width=\"808\" height=\"640\" src=\"https:\/\/nebka.ma\/wp-content\/uploads\/2026\/04\/banner-technologie-workwear-808x640.png\" class=\"attachment-large size-large wp-image-59677\" alt=\"\" srcset=\"https:\/\/nebka.ma\/wp-content\/uploads\/2026\/04\/banner-technologie-workwear-808x640.png 808w, https:\/\/nebka.ma\/wp-content\/uploads\/2026\/04\/banner-technologie-workwear-404x320.png 404w, https:\/\/nebka.ma\/wp-content\/uploads\/2026\/04\/banner-technologie-workwear-768x608.png 768w, https:\/\/nebka.ma\/wp-content\/uploads\/2026\/04\/banner-technologie-workwear-15x12.png 15w, https:\/\/nebka.ma\/wp-content\/uploads\/2026\/04\/banner-technologie-workwear-420x333.png 420w, https:\/\/nebka.ma\/wp-content\/uploads\/2026\/04\/banner-technologie-workwear-720x570.png 720w, https:\/\/nebka.ma\/wp-content\/uploads\/2026\/04\/banner-technologie-workwear-90x71.png 90w, https:\/\/nebka.ma\/wp-content\/uploads\/2026\/04\/banner-technologie-workwear.png 1200w\" sizes=\"(max-width: 808px) 100vw, 808px\" \/>\t\t\t\t\t\t\t\t\t\t\t\t\t\t\t<\/div>\n\t\t\t\t<\/div>\n\t\t\t\t\t<\/div>\n\t\t<\/div>\n\t\t\t\t<div class=\"elementor-column elementor-col-50 elementor-top-column elementor-element elementor-element-3b9653e\" data-id=\"3b9653e\" data-element_type=\"column\" data-e-type=\"column\">\n\t\t\t<div class=\"elementor-widget-wrap elementor-element-populated\">\n\t\t\t\t\t\t<div class=\"elementor-element elementor-element-69c1ef3 elementor-widget elementor-widget-pls-infobox\" data-id=\"69c1ef3\" data-element_type=\"widget\" data-e-type=\"widget\" data-widget_type=\"pls-infobox.default\">\n\t\t\t\t<div class=\"elementor-widget-container\">\n\t\t\t\t\t<div id=\"pls-info-box-56120\" class=\"pls-element pls-info-box icon-effect-none icon-simple icon-top color-scheme-inherit hover-color-scheme-inherit text-center\">\n\t<div class=\"info-box-wrap\"  >\n\t\t<div class=\"box-icon-wrap\">\n\t\t\t\t\t<\/div>\n\t\t<div class=\"info-box-content\">\n\t\t\t\t\t\t\t\t\t\t<div class=\"info-box-title mb\" >\t\t\t\t\n\t\t\t\t\t<h4>CONFORT<\/h4>\t\t\t\t\t\n\t\t\t\t<\/div>\n\t\t\t\t\t\t\t\t\t\t<div class=\"info-box-description mb\">\n\t\t\t\t\t<p>Un v\u00eatement quelqu\u2019il soit se doit, avant tout, d\u2019\u00eatre confortable. Notre \u00e9quipe cr\u00e9e et produits des mod\u00e8les dont les coupes sont \u00e9tudi\u00e9es pour vous procurer confort, souplesse et libert\u00e9 de mouvement.<\/p>\n\t\t\t\t<\/div>\n\t\t\t\t\t<\/div>\n\t<\/div>\n<\/div>\t\t\t\t<\/div>\n\t\t\t\t<\/div>\n\t\t\t\t\t<\/div>\n\t\t<\/div>\n\t\t\t\t\t<\/div>\n\t\t<\/section>\n\t\t\t\t<section class=\"elementor-section elementor-top-section elementor-element elementor-element-2407ad0 elementor-section-full_width elementor-section-height-min-height elementor-section-height-default elementor-section-items-middle\" data-id=\"2407ad0\" data-element_type=\"section\" data-e-type=\"section\" data-settings=\"{&quot;background_background&quot;:&quot;video&quot;}\">\n\t\t\t\t\t\t<div class=\"elementor-container elementor-column-gap-default\">\n\t\t\t\t\t<div class=\"elementor-column elementor-col-100 elementor-top-column elementor-element elementor-element-7964429\" data-id=\"7964429\" data-element_type=\"column\" data-e-type=\"column\">\n\t\t\t<div class=\"elementor-widget-wrap elementor-element-populated\">\n\t\t\t\t\t\t<div class=\"elementor-element elementor-element-ae77e6d elementor-widget elementor-widget-video\" data-id=\"ae77e6d\" data-element_type=\"widget\" data-e-type=\"widget\" data-settings=\"{&quot;video_type&quot;:&quot;hosted&quot;,&quot;autoplay&quot;:&quot;yes&quot;,&quot;mute&quot;:&quot;yes&quot;,&quot;loop&quot;:&quot;yes&quot;}\" data-widget_type=\"video.default\">\n\t\t\t\t<div class=\"elementor-widget-container\">\n\t\t\t\t\t\t\t<div class=\"e-hosted-video elementor-wrapper elementor-open-inline\">\n\t\t\t\t\t<video class=\"elementor-video\" src=\"https:\/\/nebka.ma\/wp-content\/uploads\/2026\/04\/ARTBRAND_NEBKA_REEL_1.mp4\" autoplay=\"\" loop=\"\" muted=\"muted\" controlslist=\"nodownload\"><\/video>\n\t\t\t\t<\/div>\n\t\t\t\t\t\t<\/div>\n\t\t\t\t<\/div>\n\t\t\t\t\t<\/div>\n\t\t<\/div>\n\t\t\t\t\t<\/div>\n\t\t<\/section>\n\t\t\t\t<section class=\"elementor-section elementor-top-section elementor-element elementor-element-4cbd22a elementor-section-boxed elementor-section-height-default elementor-section-height-default\" data-id=\"4cbd22a\" data-element_type=\"section\" data-e-type=\"section\">\n\t\t\t\t\t\t<div class=\"elementor-container elementor-column-gap-default\">\n\t\t\t\t\t<div class=\"elementor-column elementor-col-100 elementor-top-column elementor-element elementor-element-41bb8bc\" data-id=\"41bb8bc\" data-element_type=\"column\" data-e-type=\"column\">\n\t\t\t<div class=\"elementor-widget-wrap elementor-element-populated\">\n\t\t\t\t\t\t<div class=\"elementor-element elementor-element-22b0bf2 elementor-widget elementor-widget-pls-infobox\" data-id=\"22b0bf2\" data-element_type=\"widget\" data-e-type=\"widget\" data-widget_type=\"pls-infobox.default\">\n\t\t\t\t<div class=\"elementor-widget-container\">\n\t\t\t\t\t<div id=\"pls-info-box-47704\" class=\"pls-element pls-info-box icon-effect-none icon-simple icon-top color-scheme-inherit hover-color-scheme-inherit text-center\">\n\t<div class=\"info-box-wrap\"  >\n\t\t<div class=\"box-icon-wrap\">\n\t\t\t\t\t<\/div>\n\t\t<div class=\"info-box-content\">\n\t\t\t\t\t\t\t<div class=\"info-box-subtitle\">\t\t\t\t\n\t\t\t\t\tNebka, histoire et signification \t\t\t\t\t\n\t\t\t\t<\/div>\n\t\t\t\t\t\t\t\t\t\t<div class=\"info-box-title mb\" >\t\t\t\t\n\t\t\t\t\t<h4>Histoire<\/h4>\t\t\t\t\t\n\t\t\t\t<\/div>\n\t\t\t\t\t\t\t\t\t\t<div class=\"info-box-description mb\">\n\t\t\t\t\t<p>Nebka est avant tout une marque marocaine cr\u00e9e en 2015. \n<br>Nos mod\u00e8les sont cr\u00e9\u00e9s, con\u00e7us et fabriqu\u00e9s ici m\u00eame. Pour nous, le nom de la marque est avant tout un symbole fort qui r\u00e9unit trois valeurs primordiales <\/p>\n\t\t\t\t<\/div>\n\t\t\t\t\t<\/div>\n\t<\/div>\n<\/div>\t\t\t\t<\/div>\n\t\t\t\t<\/div>\n\t\t\t\t<section class=\"elementor-section elementor-inner-section elementor-element elementor-element-9f1a4ed elementor-section-boxed elementor-section-height-default elementor-section-height-default\" data-id=\"9f1a4ed\" data-element_type=\"section\" data-e-type=\"section\">\n\t\t\t\t\t\t<div class=\"elementor-container elementor-column-gap-default\">\n\t\t\t\t\t<div class=\"elementor-column elementor-col-33 elementor-inner-column elementor-element elementor-element-d256b65\" data-id=\"d256b65\" data-element_type=\"column\" data-e-type=\"column\">\n\t\t\t<div class=\"elementor-widget-wrap elementor-element-populated\">\n\t\t\t\t\t\t<div class=\"elementor-element elementor-element-d4ab025 elementor-widget elementor-widget-pls-infobox\" data-id=\"d4ab025\" data-element_type=\"widget\" data-e-type=\"widget\" data-widget_type=\"pls-infobox.default\">\n\t\t\t\t<div class=\"elementor-widget-container\">\n\t\t\t\t\t<div id=\"pls-info-box-27305\" class=\"pls-element pls-info-box icon-effect-none icon-simple icon-top color-scheme-inherit hover-color-scheme-inherit text-center\">\n\t<div class=\"info-box-wrap\"  >\n\t\t<div class=\"box-icon-wrap\">\n\t\t\t\t\t<\/div>\n\t\t<div class=\"info-box-content\">\n\t\t\t\t\t\t\t\t\t\t<div class=\"info-box-title mb\" >\t\t\t\t\n\t\t\t\t\t<h4>Notre passion <\/h4>\t\t\t\t\t\n\t\t\t\t<\/div>\n\t\t\t\t\t\t\t\t\t\t<div class=\"info-box-description mb\">\n\t\t\t\t\t<p>Pour le Maroc, le Marocain, son Savoir-faire, sa G\u00e9n\u00e9rosit\u00e9 et son d\u00e9voument.<\/p>\n\t\t\t\t<\/div>\n\t\t\t\t\t<\/div>\n\t<\/div>\n<\/div>\t\t\t\t<\/div>\n\t\t\t\t<\/div>\n\t\t\t\t\t<\/div>\n\t\t<\/div>\n\t\t\t\t<div class=\"elementor-column elementor-col-33 elementor-inner-column elementor-element elementor-element-1493008\" data-id=\"1493008\" data-element_type=\"column\" data-e-type=\"column\">\n\t\t\t<div class=\"elementor-widget-wrap elementor-element-populated\">\n\t\t\t\t\t\t<div class=\"elementor-element elementor-element-76290a0 elementor-widget elementor-widget-pls-infobox\" data-id=\"76290a0\" data-element_type=\"widget\" data-e-type=\"widget\" data-widget_type=\"pls-infobox.default\">\n\t\t\t\t<div class=\"elementor-widget-container\">\n\t\t\t\t\t<div id=\"pls-info-box-3242\" class=\"pls-element pls-info-box icon-effect-none icon-simple icon-top color-scheme-inherit hover-color-scheme-inherit text-center\">\n\t<div class=\"info-box-wrap\"  >\n\t\t<div class=\"box-icon-wrap\">\n\t\t\t\t\t<\/div>\n\t\t<div class=\"info-box-content\">\n\t\t\t\t\t\t\t\t\t\t<div class=\"info-box-title mb\" >\t\t\t\t\n\t\t\t\t\t<h4>Nos valeurs communes<\/h4>\t\t\t\t\t\n\t\t\t\t<\/div>\n\t\t\t\t\t\t\t\t\t\t<div class=\"info-box-description mb\">\n\t\t\t\t\t<p>Notre attachement \u00e0 notre pays et \u00e0 son histoire. <\/p>\n\t\t\t\t<\/div>\n\t\t\t\t\t<\/div>\n\t<\/div>\n<\/div>\t\t\t\t<\/div>\n\t\t\t\t<\/div>\n\t\t\t\t\t<\/div>\n\t\t<\/div>\n\t\t\t\t<div class=\"elementor-column elementor-col-33 elementor-inner-column elementor-element elementor-element-3ae69fc\" data-id=\"3ae69fc\" data-element_type=\"column\" data-e-type=\"column\">\n\t\t\t<div class=\"elementor-widget-wrap elementor-element-populated\">\n\t\t\t\t\t\t<div class=\"elementor-element elementor-element-5516309 elementor-widget elementor-widget-pls-infobox\" data-id=\"5516309\" data-element_type=\"widget\" data-e-type=\"widget\" data-widget_type=\"pls-infobox.default\">\n\t\t\t\t<div class=\"elementor-widget-container\">\n\t\t\t\t\t<div id=\"pls-info-box-56142\" class=\"pls-element pls-info-box icon-effect-none icon-simple icon-top color-scheme-inherit hover-color-scheme-inherit text-center\">\n\t<div class=\"info-box-wrap\"  >\n\t\t<div class=\"box-icon-wrap\">\n\t\t\t\t\t<\/div>\n\t\t<div class=\"info-box-content\">\n\t\t\t\t\t\t\t\t\t\t<div class=\"info-box-title mb\" >\t\t\t\t\n\t\t\t\t\t<h4>Notre amour<\/h4>\t\t\t\t\t\n\t\t\t\t<\/div>\n\t\t\t\t\t\t\t\t\t\t<div class=\"info-box-description mb\">\n\t\t\t\t\t<p>Pour le travail bien fait, la force, la robustesse et la pers\u00e9v\u00e9rance.\n<\/p>\n\t\t\t\t<\/div>\n\t\t\t\t\t<\/div>\n\t<\/div>\n<\/div>\t\t\t\t<\/div>\n\t\t\t\t<\/div>\n\t\t\t\t\t<\/div>\n\t\t<\/div>\n\t\t\t\t\t<\/div>\n\t\t<\/section>\n\t\t\t\t\t<\/div>\n\t\t<\/div>\n\t\t\t\t\t<\/div>\n\t\t<\/section>\n\t\t\t\t<section class=\"elementor-section elementor-top-section elementor-element elementor-element-02b6f64 elementor-section-boxed elementor-section-height-default elementor-section-height-default\" data-id=\"02b6f64\" data-element_type=\"section\" data-e-type=\"section\">\n\t\t\t\t\t\t<div class=\"elementor-container elementor-column-gap-default\">\n\t\t\t\t\t<div class=\"elementor-column elementor-col-50 elementor-top-column elementor-element elementor-element-5a1fd2f\" data-id=\"5a1fd2f\" data-element_type=\"column\" data-e-type=\"column\">\n\t\t\t<div class=\"elementor-widget-wrap elementor-element-populated\">\n\t\t\t\t\t\t<div class=\"elementor-element elementor-element-7b29e8d elementor-widget elementor-widget-image\" data-id=\"7b29e8d\" data-element_type=\"widget\" data-e-type=\"widget\" data-widget_type=\"image.default\">\n\t\t\t\t<div class=\"elementor-widget-container\">\n\t\t\t\t\t\t\t\t\t\t\t\t\t\t\t<img loading=\"lazy\" decoding=\"async\" width=\"808\" height=\"640\" src=\"https:\/\/nebka.ma\/wp-content\/uploads\/2026\/04\/Our_Story_Left_PageBanner__More_Than_a_Uniform_.jpg-2-808x640.webp\" class=\"attachment-large size-large wp-image-45581\" alt=\"\" srcset=\"https:\/\/nebka.ma\/wp-content\/uploads\/2026\/04\/Our_Story_Left_PageBanner__More_Than_a_Uniform_.jpg-2-808x640.webp 808w, https:\/\/nebka.ma\/wp-content\/uploads\/2026\/04\/Our_Story_Left_PageBanner__More_Than_a_Uniform_.jpg-2-404x320.webp 404w, https:\/\/nebka.ma\/wp-content\/uploads\/2026\/04\/Our_Story_Left_PageBanner__More_Than_a_Uniform_.jpg-2-768x608.webp 768w, https:\/\/nebka.ma\/wp-content\/uploads\/2026\/04\/Our_Story_Left_PageBanner__More_Than_a_Uniform_.jpg-2-420x333.webp 420w, https:\/\/nebka.ma\/wp-content\/uploads\/2026\/04\/Our_Story_Left_PageBanner__More_Than_a_Uniform_.jpg-2-720x570.webp 720w, https:\/\/nebka.ma\/wp-content\/uploads\/2026\/04\/Our_Story_Left_PageBanner__More_Than_a_Uniform_.jpg-2-90x71.webp 90w, https:\/\/nebka.ma\/wp-content\/uploads\/2026\/04\/Our_Story_Left_PageBanner__More_Than_a_Uniform_.jpg-2.webp 1200w\" sizes=\"(max-width: 808px) 100vw, 808px\" \/>\t\t\t\t\t\t\t\t\t\t\t\t\t\t\t<\/div>\n\t\t\t\t<\/div>\n\t\t\t\t\t<\/div>\n\t\t<\/div>\n\t\t\t\t<div class=\"elementor-column elementor-col-50 elementor-top-column elementor-element elementor-element-c2dc2ab\" data-id=\"c2dc2ab\" data-element_type=\"column\" data-e-type=\"column\">\n\t\t\t<div class=\"elementor-widget-wrap elementor-element-populated\">\n\t\t\t\t\t\t<div class=\"elementor-element elementor-element-b056a88 elementor-widget elementor-widget-pls-infobox\" data-id=\"b056a88\" data-element_type=\"widget\" data-e-type=\"widget\" data-widget_type=\"pls-infobox.default\">\n\t\t\t\t<div class=\"elementor-widget-container\">\n\t\t\t\t\t<div id=\"pls-info-box-21519\" class=\"pls-element pls-info-box icon-effect-none icon-simple icon-top color-scheme-inherit hover-color-scheme-inherit text-center\">\n\t<div class=\"info-box-wrap\"  >\n\t\t<div class=\"box-icon-wrap\">\n\t\t\t\t\t<\/div>\n\t\t<div class=\"info-box-content\">\n\t\t\t\t\t\t\t\t\t\t\t\t\t<div class=\"info-box-description mb\">\n\t\t\t\t\t<p>Quel meilleur symbole pour exprimer tout cela en un mot. Nebka, un amas de sable, tenace et robuste, se formant g\u00e9n\u00e9ralement dans le d\u00e9sert permet la formation des dunes. Dune, symbole du D\u00e9sert, du Sahara, de la force et de la beaut\u00e9. Ce ph\u00e9nom\u00e8ne r\u00e9sume \u00e0 lui seul toute notre pens\u00e9e et tout ce \u00e0 quoi nous aspirons. <br>\nUne \u00e9vidence devenue une mission. Chaque jour nous nous effor\u00e7ons de faire mieux et plus encore \u2026<br>\nPour \u00eatre la hauteur des valeurs que nous avons choisies.<\/p>\n\t\t\t\t<\/div>\n\t\t\t\t\t<\/div>\n\t<\/div>\n<\/div>\t\t\t\t<\/div>\n\t\t\t\t<\/div>\n\t\t\t\t\t<\/div>\n\t\t<\/div>\n\t\t\t\t\t<\/div>\n\t\t<\/section>\n\t\t\t\t<\/div>","protected":false},"excerpt":{"rendered":"<p>Mission \u00ab\u00a0Nous transformons votre quotidien en cr\u00e9ant un uniforme \u00e9l\u00e9gant, confortable et qualitatif\u00a0\u00bb Depuis nos d\u00e9buts en 2015, nous avons une seule certitude celle que\u00a0la qualit\u00e9, le confort et le<\/p>","protected":false},"author":6,"featured_media":0,"parent":0,"menu_order":0,"comment_status":"closed","ping_status":"closed","template":"","meta":{"footnotes":""},"class_list":["post-65","page","type-page","status-publish","hentry"],"_links":{"self":[{"href":"https:\/\/nebka.ma\/en\/wp-json\/wp\/v2\/pages\/65","targetHints":{"allow":["GET"]}}],"collection":[{"href":"https:\/\/nebka.ma\/en\/wp-json\/wp\/v2\/pages"}],"about":[{"href":"https:\/\/nebka.ma\/en\/wp-json\/wp\/v2\/types\/page"}],"author":[{"embeddable":true,"href":"https:\/\/nebka.ma\/en\/wp-json\/wp\/v2\/users\/6"}],"replies":[{"embeddable":true,"href":"https:\/\/nebka.ma\/en\/wp-json\/wp\/v2\/comments?post=65"}],"version-history":[{"count":0,"href":"https:\/\/nebka.ma\/en\/wp-json\/wp\/v2\/pages\/65\/revisions"}],"wp:attachment":[{"href":"https:\/\/nebka.ma\/en\/wp-json\/wp\/v2\/media?parent=65"}],"curies":[{"name":"wp","href":"https:\/\/api.w.org\/{rel}","templated":true}]}}