{"id":53694,"date":"2026-04-10T14:23:29","date_gmt":"2026-04-10T13:23:29","guid":{"rendered":"https:\/\/nebka.ma\/?post_type=product&#038;p=53694"},"modified":"2026-04-13T17:23:59","modified_gmt":"2026-04-13T16:23:59","slug":"premium-fit-pyjama-6-poches-premium","status":"publish","type":"product","link":"https:\/\/nebka.ma\/en\/product\/premium-fit-pyjama-6-poches-premium\/","title":{"rendered":"Premium FIT \u00ae &#8211; Pyjama 6 poches Premium"},"content":{"rendered":"<div class=\"row\">\n<div class=\"col-12 col-md-6 col-lg-6\">\n<p>D\u00e9couvrez notre pyjama m\u00e9dical homme\/femme \u00e0 col V, con\u00e7u pour offrir un parfait \u00e9quilibre entre confort, fonctionnalit\u00e9 et modernit\u00e9.<br \/>\nV\u00e9ritable essentiel de la garde-robe m\u00e9dicale, ce mod\u00e8le allie praticit\u00e9, confort et durabilit\u00e9. Sa coupe offre une aisance naturelle, id\u00e9ale pour accompagner les longues journ\u00e9es de travail sans compromis sur le confort.<br \/>\nSa tunique \u00e0 col V apporte une touche \u00e9pur\u00e9e et professionnelle, tout en assurant une grande aisance au niveau du cou et du haut du corps. Sa coupe fluide s\u2019adapte \u00e0 toutes les morphologies et garantit une libert\u00e9 de mouvement optimale tout au long de la journ\u00e9e.<br \/>\nLe mod\u00e8le 6 poches est particuli\u00e8rement pratique pour garder tous vos indispensables \u00e0 port\u00e9e de main : stylos, t\u00e9l\u00e9phone, carnet ou petits instruments. Une solution id\u00e9ale pour rester organis\u00e9 tout au long de la journ\u00e9e.<br \/>\nLe pantalon, confortable et facile \u00e0 porter, compl\u00e8te parfaitement l\u2019ensemble avec une coupe fonctionnelle adapt\u00e9e \u00e0 un usage quotidien.<br \/>\nConfectionn\u00e9 dans un tissu premium riche en coton.ce pyjama garantit douceur, respirabilit\u00e9 et durabilit\u00e9, m\u00eame apr\u00e8s de nombreux lavages.<\/p>\n<\/div>\n<div class=\"col-12 col-md-6 col-lg-6\">\n<h6 class=\"fsize-12 fweight-600\">COMPOSITION, ORIGINE ET GUIDE D&rsquo;ENTRETIEN<\/h6>\n<ul>\n<li>Composition : Serge de coton \u00e9lastique anti-acide<\/li>\n<li>Tissu premium riche en coton certifi\u00e9 Oeko-Tex<\/li>\n<li>Poids : Moyen<\/li>\n<\/ul>\n<div class=\"pls-product-icons pls-flex gap-10 mb-15\"><img decoding=\"async\" class=\"alignnone size-full wp-image-1304\" src=\"https:\/\/modave.presslayouts.com\/dummy\/wp-content\/uploads\/2025\/02\/product-icon-1.svg\" alt=\"\" width=\"24\" height=\"24\" \/><img decoding=\"async\" class=\"alignnone size-full wp-image-1305\" src=\"https:\/\/modave.presslayouts.com\/dummy\/wp-content\/uploads\/2025\/02\/product-icon-2.svg\" alt=\"\" width=\"24\" height=\"22\" \/><img decoding=\"async\" class=\"alignnone size-full wp-image-1306\" src=\"https:\/\/modave.presslayouts.com\/dummy\/wp-content\/uploads\/2025\/02\/product-icon-3.svg\" alt=\"\" width=\"24\" height=\"22\" \/><img loading=\"lazy\" decoding=\"async\" class=\"alignnone size-full wp-image-1307\" src=\"https:\/\/modave.presslayouts.com\/dummy\/wp-content\/uploads\/2025\/02\/product-icon-4.svg\" alt=\"\" width=\"24\" height=\"22\" \/><img loading=\"lazy\" decoding=\"async\" class=\"alignnone size-full wp-image-1303\" src=\"https:\/\/modave.presslayouts.com\/dummy\/wp-content\/uploads\/2025\/02\/product-icon-5.svg\" alt=\"\" width=\"24\" height=\"22\" \/><\/div>\n<p>Pour pr\u00e9server la qualit\u00e9 et la tenue de votre v\u00eatement :<\/p>\n<ul>\n<li>Lavage en machine \u00e0 30\u00b0C recommand\u00e9<\/li>\n<li>Repassage \u00e0 basse temp\u00e9rature si n\u00e9cessaire<\/li>\n<li>S\u00e9chage \u00e0 l\u2019air libre conseill\u00e9 (\u00e9viter le s\u00e8che-linge)<\/li>\n<\/ul>\n<\/div>\n<\/div>","protected":false},"excerpt":{"rendered":"<p>Pyjama m\u00e9dical col V avec pantalon \u00e0 zip, en tissu premium riche en coton certifi\u00e9 Oeko-Tex. Confort, praticit\u00e9 et style au quotidien.<\/p>","protected":false},"featured_media":53782,"comment_status":"closed","ping_status":"closed","template":"","meta":[],"product_brand":[],"product_cat":[816,815,843,842,817,847,824,827],"product_tag":[],"class_list":{"0":"post-53694","1":"product","2":"type-product","3":"status-publish","4":"has-post-thumbnail","6":"product_cat-femmes","7":"product_cat-hommes","8":"product_cat-premium","9":"product_cat-premium-fit","10":"product_cat-pyjama-de-bloc-femmes","11":"product_cat-pyjama-de-bloc-hommes","12":"product_cat-tous-les-uniformes","13":"product_cat-unisex","15":"first","16":"outofstock","17":"shipping-taxable","18":"product-type-variable","19":"has-default-attributes"},"_links":{"self":[{"href":"https:\/\/nebka.ma\/en\/wp-json\/wp\/v2\/product\/53694","targetHints":{"allow":["GET"]}}],"collection":[{"href":"https:\/\/nebka.ma\/en\/wp-json\/wp\/v2\/product"}],"about":[{"href":"https:\/\/nebka.ma\/en\/wp-json\/wp\/v2\/types\/product"}],"replies":[{"embeddable":true,"href":"https:\/\/nebka.ma\/en\/wp-json\/wp\/v2\/comments?post=53694"}],"version-history":[{"count":0,"href":"https:\/\/nebka.ma\/en\/wp-json\/wp\/v2\/product\/53694\/revisions"}],"wp:featuredmedia":[{"embeddable":true,"href":"https:\/\/nebka.ma\/en\/wp-json\/wp\/v2\/media\/53782"}],"wp:attachment":[{"href":"https:\/\/nebka.ma\/en\/wp-json\/wp\/v2\/media?parent=53694"}],"wp:term":[{"taxonomy":"product_brand","embeddable":true,"href":"https:\/\/nebka.ma\/en\/wp-json\/wp\/v2\/product_brand?post=53694"},{"taxonomy":"product_cat","embeddable":true,"href":"https:\/\/nebka.ma\/en\/wp-json\/wp\/v2\/product_cat?post=53694"},{"taxonomy":"product_tag","embeddable":true,"href":"https:\/\/nebka.ma\/en\/wp-json\/wp\/v2\/product_tag?post=53694"}],"curies":[{"name":"wp","href":"https:\/\/api.w.org\/{rel}","templated":true}]}}