{"id":54921,"date":"2026-04-10T23:46:03","date_gmt":"2026-04-10T22:46:03","guid":{"rendered":"https:\/\/nebka.ma\/?post_type=product&#038;p=54921"},"modified":"2026-04-18T15:20:18","modified_gmt":"2026-04-18T14:20:18","slug":"pantalon-de-grossesse","status":"publish","type":"product","link":"https:\/\/nebka.ma\/en\/product\/pantalon-de-grossesse\/","title":{"rendered":"Pantalon De Grossesse"},"content":{"rendered":"<div class=\"row\">\n<div class=\"col-12 col-md-6 col-lg-6\">\n<h6 class=\"fsize-12 fweight-600\">Pantalon m\u00e9dical de grossesse \u2013 Confort &amp; maintien tout au long de la journ\u00e9e<\/h6>\n<p>Con\u00e7u sp\u00e9cialement pour accompagner les futures mamans, ce pantalon m\u00e9dical de grossesse allie confort, praticit\u00e9 et \u00e9l\u00e9gance. Sa coupe ergonomique s\u2019adapte \u00e0 l\u2019\u00e9volution du ventre tout en offrant une libert\u00e9 de mouvement optimale, essentielle pour les longues journ\u00e9es de travail.<\/p>\n<p>Dot\u00e9 d\u2019une taille extensible et douce, il assure un maintien parfait sans comprimer, pour un bien-\u00eatre absolu \u00e0 chaque \u00e9tape de la grossesse. Son tissu l\u00e9ger et respirant garantit un confort durable tout au long de la journ\u00e9e.<\/p>\n<\/div>\n<div class=\"col-12 col-md-6 col-lg-6\">\n<h6 class=\"fsize-12 fweight-600\">COMPOSITION, ORIGINE ET GUIDE D&rsquo;ENTRETIEN<\/h6>\n<ul class=\"pls-secondary-font pls-list-disc mb-10\">\n<li>Composition : 4% polyester &#8211; 6% elasthane<\/li>\n<li>Poids : Moyen<\/li>\n<\/ul>\n<div class=\"pls-product-icons pls-flex gap-10 mb-15\"><img decoding=\"async\" class=\"alignnone size-full wp-image-1304\" src=\"https:\/\/modave.presslayouts.com\/dummy\/wp-content\/uploads\/2025\/02\/product-icon-1.svg\" alt=\"\" width=\"24\" height=\"24\" \/><img decoding=\"async\" class=\"alignnone size-full wp-image-1305\" src=\"https:\/\/modave.presslayouts.com\/dummy\/wp-content\/uploads\/2025\/02\/product-icon-2.svg\" alt=\"\" width=\"24\" height=\"22\" \/><img decoding=\"async\" class=\"alignnone size-full wp-image-1306\" src=\"https:\/\/modave.presslayouts.com\/dummy\/wp-content\/uploads\/2025\/02\/product-icon-3.svg\" alt=\"\" width=\"24\" height=\"22\" \/><img loading=\"lazy\" decoding=\"async\" class=\"alignnone size-full wp-image-1307\" src=\"https:\/\/modave.presslayouts.com\/dummy\/wp-content\/uploads\/2025\/02\/product-icon-4.svg\" alt=\"\" width=\"24\" height=\"22\" \/><img loading=\"lazy\" decoding=\"async\" class=\"alignnone size-full wp-image-1303\" src=\"https:\/\/modave.presslayouts.com\/dummy\/wp-content\/uploads\/2025\/02\/product-icon-5.svg\" alt=\"\" width=\"24\" height=\"22\" \/><\/div>\n<div class=\"pls-product-icons pls-flex gap-10 mb-15\">Pour pr\u00e9server la qualit\u00e9 et la tenue de votre v\u00eatement :<\/div>\n<ul>\n<li>Lavage en machine \u00e0 30\u00b0C recommand\u00e9<\/li>\n<li>\u00c9viter l\u2019utilisation d\u2019eau de javel<\/li>\n<li>Repassage \u00e0 basse temp\u00e9rature si n\u00e9cessaire<\/li>\n<li>S\u00e9chage \u00e0 l\u2019air libre conseill\u00e9 (\u00e9viter le s\u00e8che-linge)<\/li>\n<\/ul>\n<p>Le tissu poly\u00e9lastane est reconnu pour sa r\u00e9sistance, sa souplesse et sa capacit\u00e9 \u00e0 conserver sa forme, m\u00eame apr\u00e8s de nombreux lavages.<\/p>\n<\/div>\n<\/div>","protected":false},"excerpt":{"rendered":"<p>Con\u00e7u sp\u00e9cialement pour accompagner les futures mamans, ce pantalon m\u00e9dical de grossesse allie confort, praticit\u00e9 et \u00e9l\u00e9gance.<\/p>","protected":false},"featured_media":54964,"comment_status":"closed","ping_status":"closed","template":"","meta":[],"product_brand":[],"product_cat":[816,821,822],"product_tag":[],"class_list":{"0":"post-54921","1":"product","2":"type-product","3":"status-publish","4":"has-post-thumbnail","6":"product_cat-femmes","7":"product_cat-pantalons","8":"product_cat-stretch","10":"first","11":"instock","12":"shipping-taxable","13":"purchasable","14":"product-type-variable"},"_links":{"self":[{"href":"https:\/\/nebka.ma\/en\/wp-json\/wp\/v2\/product\/54921","targetHints":{"allow":["GET"]}}],"collection":[{"href":"https:\/\/nebka.ma\/en\/wp-json\/wp\/v2\/product"}],"about":[{"href":"https:\/\/nebka.ma\/en\/wp-json\/wp\/v2\/types\/product"}],"replies":[{"embeddable":true,"href":"https:\/\/nebka.ma\/en\/wp-json\/wp\/v2\/comments?post=54921"}],"version-history":[{"count":0,"href":"https:\/\/nebka.ma\/en\/wp-json\/wp\/v2\/product\/54921\/revisions"}],"wp:featuredmedia":[{"embeddable":true,"href":"https:\/\/nebka.ma\/en\/wp-json\/wp\/v2\/media\/54964"}],"wp:attachment":[{"href":"https:\/\/nebka.ma\/en\/wp-json\/wp\/v2\/media?parent=54921"}],"wp:term":[{"taxonomy":"product_brand","embeddable":true,"href":"https:\/\/nebka.ma\/en\/wp-json\/wp\/v2\/product_brand?post=54921"},{"taxonomy":"product_cat","embeddable":true,"href":"https:\/\/nebka.ma\/en\/wp-json\/wp\/v2\/product_cat?post=54921"},{"taxonomy":"product_tag","embeddable":true,"href":"https:\/\/nebka.ma\/en\/wp-json\/wp\/v2\/product_tag?post=54921"}],"curies":[{"name":"wp","href":"https:\/\/api.w.org\/{rel}","templated":true}]}}